{"id":10287,"date":"2019-06-12T13:21:49","date_gmt":"2019-06-12T11:21:49","guid":{"rendered":"http:\/\/journal.televitale.org\/?page_id=10287"},"modified":"2019-07-23T14:26:00","modified_gmt":"2019-07-23T12:26:00","slug":"support-technique","status":"publish","type":"page","link":"https:\/\/journal.televitale.org\/pedicurespodologues\/support-technique\/","title":{"rendered":"Support Technique"},"content":{"rendered":"\t\t<div data-elementor-type=\"wp-post\" data-elementor-id=\"10287\" class=\"elementor elementor-10287\">\n\t\t\t\t\t\t<section class=\"elementor-section elementor-top-section elementor-element elementor-element-af739cb elementor-section-boxed elementor-section-height-default elementor-section-height-default\" data-id=\"af739cb\" data-element_type=\"section\">\n\t\t\t\t\t\t<div class=\"elementor-container elementor-column-gap-default\">\n\t\t\t\t\t<div class=\"elementor-column elementor-col-100 elementor-top-column elementor-element elementor-element-2043556\" data-id=\"2043556\" data-element_type=\"column\">\n\t\t\t<div class=\"elementor-widget-wrap elementor-element-populated\">\n\t\t\t\t\t\t<div class=\"elementor-element elementor-element-b2b90f0 elementor-widget elementor-widget-image\" data-id=\"b2b90f0\" data-element_type=\"widget\" data-widget_type=\"image.default\">\n\t\t\t\t<div class=\"elementor-widget-container\">\n\t\t\t\t\t\t\t\t\t\t\t\t\t\t\t<img decoding=\"async\" src=\"https:\/\/www.journal.topaze.com\/wp-content\/uploads\/2019\/03\/bandeau_contact-1.jpg\" title=\"\" alt=\"\" loading=\"lazy\" \/>\t\t\t\t\t\t\t\t\t\t\t\t\t\t\t<\/div>\n\t\t\t\t<\/div>\n\t\t\t\t\t<\/div>\n\t\t<\/div>\n\t\t\t\t\t<\/div>\n\t\t<\/section>\n\t\t\t\t<section class=\"elementor-section elementor-top-section elementor-element elementor-element-52cb1fb bloc_contact elementor-section-boxed elementor-section-height-default elementor-section-height-default\" data-id=\"52cb1fb\" data-element_type=\"section\">\n\t\t\t\t\t\t<div class=\"elementor-container elementor-column-gap-narrow\">\n\t\t\t\t\t<div class=\"elementor-column elementor-col-33 elementor-top-column elementor-element elementor-element-a83d16b\" data-id=\"a83d16b\" data-element_type=\"column\">\n\t\t\t<div class=\"elementor-widget-wrap elementor-element-populated\">\n\t\t\t\t\t\t<div class=\"elementor-element elementor-element-6ed3c6a elementor-view-default elementor-position-top elementor-mobile-position-top elementor-widget elementor-widget-icon-box\" data-id=\"6ed3c6a\" data-element_type=\"widget\" data-widget_type=\"icon-box.default\">\n\t\t\t\t<div class=\"elementor-widget-container\">\n\t\t\t\t\t\t\t<div class=\"elementor-icon-box-wrapper\">\n\n\t\t\t\t\t\t<div class=\"elementor-icon-box-icon\">\n\t\t\t\t<span  class=\"elementor-icon elementor-animation-\">\n\t\t\t\t<i class=\"fa fa-laptop\" aria-hidden=\"true\"><\/i>\t\t\t\t<\/span>\n\t\t\t<\/div>\n\t\t\t\n\t\t\t\t\t\t<div class=\"elementor-icon-box-content\">\n\n\t\t\t\t\t\t\t\t\t<h5 class=\"elementor-icon-box-title\">\n\t\t\t\t\t\t<span  >\n\t\t\t\t\t\t\tInstallation\t\t\t\t\t\t<\/span>\n\t\t\t\t\t<\/h5>\n\t\t\t\t\n\t\t\t\t\t\t\t\t\t<p class=\"elementor-icon-box-description\">\n\t\t\t\t\t\t<div>\n<a href=\"http:\/\/www.televitale.fr\/telechargement\/2018\/Installation_Televitale.pdf\" target=\"_blank\">> Proc\u00e9dure d\u2019installation du logiciel<\/a><\/div>\t\t\t\t\t<\/p>\n\t\t\t\t\n\t\t\t<\/div>\n\t\t\t\n\t\t<\/div>\n\t\t\t\t\t\t<\/div>\n\t\t\t\t<\/div>\n\t\t\t\t\t<\/div>\n\t\t<\/div>\n\t\t\t\t<div class=\"elementor-column elementor-col-33 elementor-top-column elementor-element elementor-element-4bcc66a\" data-id=\"4bcc66a\" data-element_type=\"column\">\n\t\t\t<div class=\"elementor-widget-wrap elementor-element-populated\">\n\t\t\t\t\t\t<div class=\"elementor-element elementor-element-e9ca9fe elementor-view-default elementor-position-top elementor-mobile-position-top elementor-widget elementor-widget-icon-box\" data-id=\"e9ca9fe\" data-element_type=\"widget\" data-widget_type=\"icon-box.default\">\n\t\t\t\t<div class=\"elementor-widget-container\">\n\t\t\t\t\t\t\t<div class=\"elementor-icon-box-wrapper\">\n\n\t\t\t\t\t\t<div class=\"elementor-icon-box-icon\">\n\t\t\t\t<span  class=\"elementor-icon elementor-animation-\">\n\t\t\t\t<i class=\"fa fa-commenting\" aria-hidden=\"true\"><\/i>\t\t\t\t<\/span>\n\t\t\t<\/div>\n\t\t\t\n\t\t\t\t\t\t<div class=\"elementor-icon-box-content\">\n\n\t\t\t\t\t\t\t\t\t<h5 class=\"elementor-icon-box-title\">\n\t\t\t\t\t\t<span  >\n\t\t\t\t\t\t\tPrise en main\t\t\t\t\t\t<\/span>\n\t\t\t\t\t<\/h5>\n\t\t\t\t\n\t\t\t\t\t\t\t\t\t<p class=\"elementor-icon-box-description\">\n\t\t\t\t\t\t<div>\n<a href=\"http:\/\/www.televitale.org\/webtv\/wp-content\/uploads\/2019\/02\/documentation_pedicure_podologue_06.pdf\" target=\"_blank\">> Proc\u00e9dure de prise en main<\/a><\/div>\t\t\t\t\t<\/p>\n\t\t\t\t\n\t\t\t<\/div>\n\t\t\t\n\t\t<\/div>\n\t\t\t\t\t\t<\/div>\n\t\t\t\t<\/div>\n\t\t\t\t\t<\/div>\n\t\t<\/div>\n\t\t\t\t<div class=\"elementor-column elementor-col-33 elementor-top-column elementor-element elementor-element-5ca0377\" data-id=\"5ca0377\" data-element_type=\"column\">\n\t\t\t<div class=\"elementor-widget-wrap elementor-element-populated\">\n\t\t\t\t\t\t<div class=\"elementor-element elementor-element-0d9250f elementor-view-default elementor-position-top elementor-mobile-position-top elementor-widget elementor-widget-icon-box\" data-id=\"0d9250f\" data-element_type=\"widget\" data-widget_type=\"icon-box.default\">\n\t\t\t\t<div class=\"elementor-widget-container\">\n\t\t\t\t\t\t\t<div class=\"elementor-icon-box-wrapper\">\n\n\t\t\t\t\t\t<div class=\"elementor-icon-box-icon\">\n\t\t\t\t<span  class=\"elementor-icon elementor-animation-\">\n\t\t\t\t<i class=\"fa fa-laptop\" aria-hidden=\"true\"><\/i>\t\t\t\t<\/span>\n\t\t\t<\/div>\n\t\t\t\n\t\t\t\t\t\t<div class=\"elementor-icon-box-content\">\n\n\t\t\t\t\t\t\t\t\t<h5 class=\"elementor-icon-box-title\">\n\t\t\t\t\t\t<span  >\n\t\t\t\t\t\t\tLes indispensables\t\t\t\t\t\t<\/span>\n\t\t\t\t\t<\/h5>\n\t\t\t\t\n\t\t\t\t\t\t\t\t\t<p class=\"elementor-icon-box-description\">\n\t\t\t\t\t\t<div>\n<a href=\"http:\/\/www.televitale.fr\/telechargement\/annexe_documentation_09.pdf\" target=\"_blank\">> Points essentiels \u00e0 conna\u00eetre sur le logiciel<\/a><\/div>\t\t\t\t\t<\/p>\n\t\t\t\t\n\t\t\t<\/div>\n\t\t\t\n\t\t<\/div>\n\t\t\t\t\t\t<\/div>\n\t\t\t\t<\/div>\n\t\t\t\t\t<\/div>\n\t\t<\/div>\n\t\t\t\t\t<\/div>\n\t\t<\/section>\n\t\t\t\t<section class=\"elementor-section elementor-top-section elementor-element elementor-element-28f99bd bloc_contact elementor-section-boxed elementor-section-height-default elementor-section-height-default\" data-id=\"28f99bd\" data-element_type=\"section\">\n\t\t\t\t\t\t<div class=\"elementor-container elementor-column-gap-narrow\">\n\t\t\t\t\t<div class=\"elementor-column elementor-col-33 elementor-top-column elementor-element elementor-element-86aa4ff\" data-id=\"86aa4ff\" data-element_type=\"column\">\n\t\t\t<div class=\"elementor-widget-wrap elementor-element-populated\">\n\t\t\t\t\t\t<div class=\"elementor-element elementor-element-d9ececf elementor-view-default elementor-position-top elementor-mobile-position-top elementor-widget elementor-widget-icon-box\" data-id=\"d9ececf\" data-element_type=\"widget\" data-widget_type=\"icon-box.default\">\n\t\t\t\t<div class=\"elementor-widget-container\">\n\t\t\t\t\t\t\t<div class=\"elementor-icon-box-wrapper\">\n\n\t\t\t\t\t\t<div class=\"elementor-icon-box-icon\">\n\t\t\t\t<span  class=\"elementor-icon elementor-animation-\">\n\t\t\t\t<i class=\"fa fa-wrench\" aria-hidden=\"true\"><\/i>\t\t\t\t<\/span>\n\t\t\t<\/div>\n\t\t\t\n\t\t\t\t\t\t<div class=\"elementor-icon-box-content\">\n\n\t\t\t\t\t\t\t\t\t<h5 class=\"elementor-icon-box-title\">\n\t\t\t\t\t\t<span  >\n\t\t\t\t\t\t\tSCOR\t\t\t\t\t\t<\/span>\n\t\t\t\t\t<\/h5>\n\t\t\t\t\n\t\t\t\t\t\t\t\t\t<p class=\"elementor-icon-box-description\">\n\t\t\t\t\t\t<div>\n<a href=\"http:\/\/www.televitale.org\/webtv\/wp-content\/uploads\/2019\/02\/006-SCOR-2018-PODO.pdf\" target=\"_blank\">> Manuel<\/a><\/div>\n<!-- <div>\n<a href=\"https:\/\/www.youtube.com\/watch?v=qAO2G_8tukw\" target=\"_blank\">> Vid\u00e9o de param\u00e9trage<\/a><\/div>\n<div>\n<a href=\"https:\/\/www.youtube.com\/watch?v=iHDflvAFok8\" target=\"_blank\">> Vid\u00e9o d\u2019utilisation <\/a><\/div> -->\t\t\t\t\t<\/p>\n\t\t\t\t\n\t\t\t<\/div>\n\t\t\t\n\t\t<\/div>\n\t\t\t\t\t\t<\/div>\n\t\t\t\t<\/div>\n\t\t\t\t\t<\/div>\n\t\t<\/div>\n\t\t\t\t<div class=\"elementor-column elementor-col-33 elementor-top-column elementor-element elementor-element-82f98ea\" data-id=\"82f98ea\" data-element_type=\"column\">\n\t\t\t<div class=\"elementor-widget-wrap elementor-element-populated\">\n\t\t\t\t\t\t<div class=\"elementor-element elementor-element-2efa74f elementor-view-default elementor-position-top elementor-mobile-position-top elementor-widget elementor-widget-icon-box\" data-id=\"2efa74f\" data-element_type=\"widget\" data-widget_type=\"icon-box.default\">\n\t\t\t\t<div class=\"elementor-widget-container\">\n\t\t\t\t\t\t\t<div class=\"elementor-icon-box-wrapper\">\n\n\t\t\t\t\t\t<div class=\"elementor-icon-box-icon\">\n\t\t\t\t<span  class=\"elementor-icon elementor-animation-\">\n\t\t\t\t<i class=\"fa fa-commenting\" aria-hidden=\"true\"><\/i>\t\t\t\t<\/span>\n\t\t\t<\/div>\n\t\t\t\n\t\t\t\t\t\t<div class=\"elementor-icon-box-content\">\n\n\t\t\t\t\t\t\t\t\t<h5 class=\"elementor-icon-box-title\">\n\t\t\t\t\t\t<span  >\n\t\t\t\t\t\t\tFonctionnalit\u00e9s\t\t\t\t\t\t<\/span>\n\t\t\t\t\t<\/h5>\n\t\t\t\t\n\t\t\t\t\t\t\t\t\t<p class=\"elementor-icon-box-description\">\n\t\t\t\t\t\t<div>\n<a href=\"https:\/\/www.youtube.com\/watch?v=QGmY3vgYq5Y&amp;list=PL6ljrvDHNzTCmPhI-r9mBVmGTuzz8PhOk&amp;index=8&amp;t=0s&amp;rel=0\" target=\"_blank\">> Partage de prescriptions en vid\u00e9o<\/a><\/div>\n<!--\n<div><p style=\"margin-top:10px;\"> L'application Smartphone<\/p>\n<a href=\"http:\/\/www.televitale.fr\/telechargement\/2018\/Topaze%20Televitale%20mobile%20-%20Guide%20d'utilisation%20client.pdf\" target=\"_blank\">> Manuel d\u2019utilisation<\/a><\/div> -->\t\t\t\t\t<\/p>\n\t\t\t\t\n\t\t\t<\/div>\n\t\t\t\n\t\t<\/div>\n\t\t\t\t\t\t<\/div>\n\t\t\t\t<\/div>\n\t\t\t\t\t<\/div>\n\t\t<\/div>\n\t\t\t\t<div class=\"elementor-column elementor-col-33 elementor-top-column elementor-element elementor-element-f794535\" data-id=\"f794535\" data-element_type=\"column\">\n\t\t\t<div class=\"elementor-widget-wrap elementor-element-populated\">\n\t\t\t\t\t\t<div class=\"elementor-element elementor-element-4957ee0 elementor-view-default elementor-position-top elementor-mobile-position-top elementor-widget elementor-widget-icon-box\" data-id=\"4957ee0\" data-element_type=\"widget\" data-widget_type=\"icon-box.default\">\n\t\t\t\t<div class=\"elementor-widget-container\">\n\t\t\t\t\t\t\t<div class=\"elementor-icon-box-wrapper\">\n\n\t\t\t\t\t\t<div class=\"elementor-icon-box-icon\">\n\t\t\t\t<span  class=\"elementor-icon elementor-animation-\">\n\t\t\t\t<i class=\"fa fa-laptop\" aria-hidden=\"true\"><\/i>\t\t\t\t<\/span>\n\t\t\t<\/div>\n\t\t\t\n\t\t\t\t\t\t<div class=\"elementor-icon-box-content\">\n\n\t\t\t\t\t\t\t\t\t<h5 class=\"elementor-icon-box-title\">\n\t\t\t\t\t\t<span  >\n\t\t\t\t\t\t\tLecteurs de cartes\t\t\t\t\t\t<\/span>\n\t\t\t\t\t<\/h5>\n\t\t\t\t\n\t\t\t\t\t\t\t\t\t<p class=\"elementor-icon-box-description\">\n\t\t\t\t\t\t<div><p style=\"margin-top:10px;\"> Lecteur KAPELSE KAP&GO :<\/p>\n<a href=\"http:\/\/www.televitale.org\/webtv\/wp-content\/uploads\/2019\/02\/Notice-simplifi%C3%A9e-Kap-And-Go.pdf\" target=\"_blank\">> Notice<\/a><\/div>\n<div><p style=\"margin-top:10px;\"> Lecteur KAPELSE eS-KAP-Ad :<\/p>\n<a href=\"http:\/\/www.televitale.org\/webtv\/wp-content\/uploads\/2019\/02\/Notice-simplifi%C3%A9e-Es-Kap-Ad.pdf\" target=\"_blank\">> Notice<\/a><\/div>\n<div><p style=\"margin-top:10px;\"> Lecteur Vital\u2019Act 3S : <\/p>\n<a href=\"http:\/\/www.televitale.org\/webtv\/wp-content\/uploads\/2019\/02\/Notice-simplifi%C3%A9e-Kap-and-Link.pdf\" target=\"_blank\">> Notice<\/a><\/div>\t\t\t\t\t<\/p>\n\t\t\t\t\n\t\t\t<\/div>\n\t\t\t\n\t\t<\/div>\n\t\t\t\t\t\t<\/div>\n\t\t\t\t<\/div>\n\t\t\t\t\t<\/div>\n\t\t<\/div>\n\t\t\t\t\t<\/div>\n\t\t<\/section>\n\t\t\t\t<\/div>\n\t\t","protected":false},"excerpt":{"rendered":"<p>Installation &gt; Proc\u00e9dure d\u2019installation du logiciel Prise en main &gt; Proc\u00e9dure de prise en main Les indispensables &gt; Points essentiels \u00e0 conna\u00eetre sur le logiciel SCOR &gt; Manuel &lt;!&#8211; &gt; Vid\u00e9o de param\u00e9trage &gt; Vid\u00e9o d\u2019utilisation &#8211;&gt; Fonctionnalit\u00e9s &gt; Partage de prescriptions en vid\u00e9o &lt;!&#8211; L&rsquo;application Smartphone &gt; Manuel d\u2019utilisation &#8211;&gt; Lecteurs de cartes Lecteur [&hellip;]<\/p>\n","protected":false},"author":1,"featured_media":0,"parent":0,"menu_order":0,"comment_status":"closed","ping_status":"closed","template":"","meta":{"footnotes":""},"class_list":["post-10287","page","type-page","status-publish","hentry"],"yoast_head":"<!-- This site is optimized with the Yoast SEO plugin v24.1 - https:\/\/yoast.com\/wordpress\/plugins\/seo\/ -->\n<title>Support Technique - Pedicures Podologues<\/title>\n<meta name=\"robots\" content=\"noindex, follow, max-snippet:-1, max-image-preview:large, max-video-preview:-1\" \/>\n<meta property=\"og:locale\" content=\"fr_FR\" \/>\n<meta property=\"og:type\" content=\"article\" \/>\n<meta property=\"og:title\" content=\"Support Technique - Pedicures Podologues\" \/>\n<meta property=\"og:description\" content=\"Installation &gt; Proc\u00e9dure d\u2019installation du logiciel Prise en main &gt; Proc\u00e9dure de prise en main Les indispensables &gt; Points essentiels \u00e0 conna\u00eetre sur le logiciel SCOR &gt; Manuel &lt;!&#8211; &gt; Vid\u00e9o de param\u00e9trage &gt; Vid\u00e9o d\u2019utilisation &#8211;&gt; Fonctionnalit\u00e9s &gt; Partage de prescriptions en vid\u00e9o &lt;!&#8211; L&rsquo;application Smartphone &gt; Manuel d\u2019utilisation &#8211;&gt; Lecteurs de cartes Lecteur [&hellip;]\" \/>\n<meta property=\"og:url\" content=\"https:\/\/journal.televitale.org\/pedicurespodologues\/support-technique\/\" \/>\n<meta property=\"og:site_name\" content=\"Pedicures Podologues\" \/>\n<meta property=\"article:modified_time\" content=\"2019-07-23T12:26:00+00:00\" \/>\n<meta property=\"og:image\" content=\"https:\/\/www.journal.topaze.com\/wp-content\/uploads\/2019\/03\/bandeau_contact-1.jpg\" \/>\n<meta name=\"twitter:card\" content=\"summary_large_image\" \/>\n<script type=\"application\/ld+json\" class=\"yoast-schema-graph\">{\"@context\":\"https:\/\/schema.org\",\"@graph\":[{\"@type\":\"WebPage\",\"@id\":\"https:\/\/journal.televitale.org\/pedicurespodologues\/support-technique\/\",\"url\":\"https:\/\/journal.televitale.org\/pedicurespodologues\/support-technique\/\",\"name\":\"Support Technique - Pedicures Podologues\",\"isPartOf\":{\"@id\":\"https:\/\/journal.televitale.org\/pedicurespodologues\/#website\"},\"primaryImageOfPage\":{\"@id\":\"https:\/\/journal.televitale.org\/pedicurespodologues\/support-technique\/#primaryimage\"},\"image\":{\"@id\":\"https:\/\/journal.televitale.org\/pedicurespodologues\/support-technique\/#primaryimage\"},\"thumbnailUrl\":\"https:\/\/www.journal.topaze.com\/wp-content\/uploads\/2019\/03\/bandeau_contact-1.jpg\",\"datePublished\":\"2019-06-12T11:21:49+00:00\",\"dateModified\":\"2019-07-23T12:26:00+00:00\",\"breadcrumb\":{\"@id\":\"https:\/\/journal.televitale.org\/pedicurespodologues\/support-technique\/#breadcrumb\"},\"inLanguage\":\"fr-FR\",\"potentialAction\":[{\"@type\":\"ReadAction\",\"target\":[\"https:\/\/journal.televitale.org\/pedicurespodologues\/support-technique\/\"]}]},{\"@type\":\"ImageObject\",\"inLanguage\":\"fr-FR\",\"@id\":\"https:\/\/journal.televitale.org\/pedicurespodologues\/support-technique\/#primaryimage\",\"url\":\"https:\/\/www.journal.topaze.com\/wp-content\/uploads\/2019\/03\/bandeau_contact-1.jpg\",\"contentUrl\":\"https:\/\/www.journal.topaze.com\/wp-content\/uploads\/2019\/03\/bandeau_contact-1.jpg\"},{\"@type\":\"BreadcrumbList\",\"@id\":\"https:\/\/journal.televitale.org\/pedicurespodologues\/support-technique\/#breadcrumb\",\"itemListElement\":[{\"@type\":\"ListItem\",\"position\":1,\"name\":\"Accueil\",\"item\":\"https:\/\/journal.televitale.org\/pedicurespodologues\/\"},{\"@type\":\"ListItem\",\"position\":2,\"name\":\"Support Technique\"}]},{\"@type\":\"WebSite\",\"@id\":\"https:\/\/journal.televitale.org\/pedicurespodologues\/#website\",\"url\":\"https:\/\/journal.televitale.org\/pedicurespodologues\/\",\"name\":\"Pedicures Podologues\",\"description\":\"\",\"potentialAction\":[{\"@type\":\"SearchAction\",\"target\":{\"@type\":\"EntryPoint\",\"urlTemplate\":\"https:\/\/journal.televitale.org\/pedicurespodologues\/?s={search_term_string}\"},\"query-input\":{\"@type\":\"PropertyValueSpecification\",\"valueRequired\":true,\"valueName\":\"search_term_string\"}}],\"inLanguage\":\"fr-FR\"}]}<\/script>\n<!-- \/ Yoast SEO plugin. -->","yoast_head_json":{"title":"Support Technique - Pedicures Podologues","robots":{"index":"noindex","follow":"follow","max-snippet":"max-snippet:-1","max-image-preview":"max-image-preview:large","max-video-preview":"max-video-preview:-1"},"og_locale":"fr_FR","og_type":"article","og_title":"Support Technique - Pedicures Podologues","og_description":"Installation &gt; Proc\u00e9dure d\u2019installation du logiciel Prise en main &gt; Proc\u00e9dure de prise en main Les indispensables &gt; Points essentiels \u00e0 conna\u00eetre sur le logiciel SCOR &gt; Manuel &lt;!&#8211; &gt; Vid\u00e9o de param\u00e9trage &gt; Vid\u00e9o d\u2019utilisation &#8211;&gt; Fonctionnalit\u00e9s &gt; Partage de prescriptions en vid\u00e9o &lt;!&#8211; L&rsquo;application Smartphone &gt; Manuel d\u2019utilisation &#8211;&gt; Lecteurs de cartes Lecteur [&hellip;]","og_url":"https:\/\/journal.televitale.org\/pedicurespodologues\/support-technique\/","og_site_name":"Pedicures Podologues","article_modified_time":"2019-07-23T12:26:00+00:00","og_image":[{"url":"https:\/\/www.journal.topaze.com\/wp-content\/uploads\/2019\/03\/bandeau_contact-1.jpg","type":"","width":"","height":""}],"twitter_card":"summary_large_image","schema":{"@context":"https:\/\/schema.org","@graph":[{"@type":"WebPage","@id":"https:\/\/journal.televitale.org\/pedicurespodologues\/support-technique\/","url":"https:\/\/journal.televitale.org\/pedicurespodologues\/support-technique\/","name":"Support Technique - Pedicures Podologues","isPartOf":{"@id":"https:\/\/journal.televitale.org\/pedicurespodologues\/#website"},"primaryImageOfPage":{"@id":"https:\/\/journal.televitale.org\/pedicurespodologues\/support-technique\/#primaryimage"},"image":{"@id":"https:\/\/journal.televitale.org\/pedicurespodologues\/support-technique\/#primaryimage"},"thumbnailUrl":"https:\/\/www.journal.topaze.com\/wp-content\/uploads\/2019\/03\/bandeau_contact-1.jpg","datePublished":"2019-06-12T11:21:49+00:00","dateModified":"2019-07-23T12:26:00+00:00","breadcrumb":{"@id":"https:\/\/journal.televitale.org\/pedicurespodologues\/support-technique\/#breadcrumb"},"inLanguage":"fr-FR","potentialAction":[{"@type":"ReadAction","target":["https:\/\/journal.televitale.org\/pedicurespodologues\/support-technique\/"]}]},{"@type":"ImageObject","inLanguage":"fr-FR","@id":"https:\/\/journal.televitale.org\/pedicurespodologues\/support-technique\/#primaryimage","url":"https:\/\/www.journal.topaze.com\/wp-content\/uploads\/2019\/03\/bandeau_contact-1.jpg","contentUrl":"https:\/\/www.journal.topaze.com\/wp-content\/uploads\/2019\/03\/bandeau_contact-1.jpg"},{"@type":"BreadcrumbList","@id":"https:\/\/journal.televitale.org\/pedicurespodologues\/support-technique\/#breadcrumb","itemListElement":[{"@type":"ListItem","position":1,"name":"Accueil","item":"https:\/\/journal.televitale.org\/pedicurespodologues\/"},{"@type":"ListItem","position":2,"name":"Support Technique"}]},{"@type":"WebSite","@id":"https:\/\/journal.televitale.org\/pedicurespodologues\/#website","url":"https:\/\/journal.televitale.org\/pedicurespodologues\/","name":"Pedicures Podologues","description":"","potentialAction":[{"@type":"SearchAction","target":{"@type":"EntryPoint","urlTemplate":"https:\/\/journal.televitale.org\/pedicurespodologues\/?s={search_term_string}"},"query-input":{"@type":"PropertyValueSpecification","valueRequired":true,"valueName":"search_term_string"}}],"inLanguage":"fr-FR"}]}},"_links":{"self":[{"href":"https:\/\/journal.televitale.org\/pedicurespodologues\/wp-json\/wp\/v2\/pages\/10287","targetHints":{"allow":["GET"]}}],"collection":[{"href":"https:\/\/journal.televitale.org\/pedicurespodologues\/wp-json\/wp\/v2\/pages"}],"about":[{"href":"https:\/\/journal.televitale.org\/pedicurespodologues\/wp-json\/wp\/v2\/types\/page"}],"author":[{"embeddable":true,"href":"https:\/\/journal.televitale.org\/pedicurespodologues\/wp-json\/wp\/v2\/users\/1"}],"replies":[{"embeddable":true,"href":"https:\/\/journal.televitale.org\/pedicurespodologues\/wp-json\/wp\/v2\/comments?post=10287"}],"version-history":[{"count":3,"href":"https:\/\/journal.televitale.org\/pedicurespodologues\/wp-json\/wp\/v2\/pages\/10287\/revisions"}],"predecessor-version":[{"id":10452,"href":"https:\/\/journal.televitale.org\/pedicurespodologues\/wp-json\/wp\/v2\/pages\/10287\/revisions\/10452"}],"wp:attachment":[{"href":"https:\/\/journal.televitale.org\/pedicurespodologues\/wp-json\/wp\/v2\/media?parent=10287"}],"curies":[{"name":"wp","href":"https:\/\/api.w.org\/{rel}","templated":true}]}}